{"id":59,"date":"2014-01-30T08:50:52","date_gmt":"2014-01-30T06:50:52","guid":{"rendered":"http:\/\/web4.ckvstrike.de\/ao79\/?page_id=59"},"modified":"2018-01-01T12:48:10","modified_gmt":"2018-01-01T11:48:10","slug":"das-akkordeon-3","status":"publish","type":"page","link":"https:\/\/www.ao79.de\/?page_id=59","title":{"rendered":"Das Akkordeon &#8211; Seite 3"},"content":{"rendered":"<p>Die Bauteile des Akkordeons<\/p>\n<p style=\"text-align: center;\"><a href=\"http:\/\/ao79.de\/wp-content\/uploads\/2014\/01\/quer.gif\" target=\"_blank\" rel=\"noopener\"><img loading=\"lazy\" decoding=\"async\" class=\"aligncenter wp-image-20\" title=\"Querschnitt der Diskantseite\" src=\"http:\/\/web4.ckvstrike.de\/ao79\/wp-content\/uploads\/2014\/01\/quer-1024x744.gif\" alt=\"Querschnitt der Diskantseite\" width=\"584\" height=\"424\" srcset=\"https:\/\/www.ao79.de\/wp-content\/uploads\/2014\/01\/quer-1024x744.gif 1024w, https:\/\/www.ao79.de\/wp-content\/uploads\/2014\/01\/quer-300x218.gif 300w\" sizes=\"(max-width: 584px) 100vw, 584px\" \/><\/a>Die Abbildung zeigt einen Querschnitt durch ein (Piano)Akkordeon.<\/p>\n<p>&nbsp;<\/p>\n<p>Folgend soll erl\u00e4utert werden, wie es zur Tonbildung kommt.<\/p>\n<p style=\"text-align: center;\"><a href=\"http:\/\/ao79.de\/wp-content\/uploads\/2014\/01\/ton.gif\" target=\"_blank\" rel=\"noopener\"><img loading=\"lazy\" decoding=\"async\" class=\"aligncenter wp-image-22\" title=\"Tonerzeugung\" src=\"http:\/\/web4.ckvstrike.de\/ao79\/wp-content\/uploads\/2014\/01\/ton-1024x712.gif\" alt=\"Tonerzeugung\" width=\"584\" height=\"406\" srcset=\"https:\/\/www.ao79.de\/wp-content\/uploads\/2014\/01\/ton-1024x712.gif 1024w, https:\/\/www.ao79.de\/wp-content\/uploads\/2014\/01\/ton-300x208.gif 300w\" sizes=\"(max-width: 584px) 100vw, 584px\" \/><\/a><br \/>\nDie obere Abbildung zeigt den Weg des Luftstroms. Der Ton wird mit Hilfe freischwingender (durchschlagender) Zungen erzeugt.<br \/>\nDieser Vorgang ist so zu erkl\u00e4ren: Die Stimmzunge befindet sich erst einmal in Ruhestellung. Durch einen Strom verdichteter Luft wird sie in den &#8222;Stimmenschlitz&#8220; hineingezogen bzw. hineingedr\u00fcckt, schwingt aber infolge ihrer Elastizit\u00e4t wieder zur\u00fcck. Unter und \u00fcber der Stimmzunge bilden sich Druckunterschiede, und sie ger\u00e4t durch die eigene Federkraft in Schwingungen. Diese Schwingungen erzeugen abwechselnd Verdichtungen und Verd\u00fcnnungen der Luft und ergeben somit den Ton.<a href=\"http:\/\/ao79.de\/wp-content\/uploads\/2014\/01\/ton1.jpg\" target=\"_blank\" rel=\"noopener\"><img loading=\"lazy\" decoding=\"async\" class=\"aligncenter wp-image-97\" title=\"Stimmstock mit Stimmplatte\" src=\"http:\/\/web4.ckvstrike.de\/ao79\/wp-content\/uploads\/2014\/01\/ton1.jpg\" alt=\"Stimmstock mit Stimmplatte\" width=\"832\" height=\"540\" srcset=\"https:\/\/www.ao79.de\/wp-content\/uploads\/2014\/01\/ton1.jpg 832w, https:\/\/www.ao79.de\/wp-content\/uploads\/2014\/01\/ton1-300x194.jpg 300w, https:\/\/www.ao79.de\/wp-content\/uploads\/2014\/01\/ton1-462x300.jpg 462w\" sizes=\"(max-width: 832px) 100vw, 832px\" \/><\/a><\/p>\n<p><a title=\"Das Akkordeon \u2013 Seite 2\" href=\"http:\/\/ao79.de\/?page_id=57\">\u00a0Vorherige Seite<\/a><\/p>\n","protected":false},"excerpt":{"rendered":"<p>Die Bauteile des Akkordeons Die Abbildung zeigt einen Querschnitt durch ein (Piano)Akkordeon. &nbsp; Folgend soll erl\u00e4utert werden, wie es zur Tonbildung kommt. Die obere Abbildung zeigt den Weg des Luftstroms. Der Ton wird mit Hilfe freischwingender (durchschlagender) Zungen erzeugt. Dieser &hellip; <a href=\"https:\/\/www.ao79.de\/?page_id=59\">Weiterlesen <span class=\"meta-nav\">&rarr;<\/span><\/a><\/p>\n","protected":false},"author":1,"featured_media":0,"parent":51,"menu_order":3,"comment_status":"closed","ping_status":"closed","template":"","meta":{"footnotes":""},"aioseo_notices":[],"_links":{"self":[{"href":"https:\/\/www.ao79.de\/index.php?rest_route=\/wp\/v2\/pages\/59"}],"collection":[{"href":"https:\/\/www.ao79.de\/index.php?rest_route=\/wp\/v2\/pages"}],"about":[{"href":"https:\/\/www.ao79.de\/index.php?rest_route=\/wp\/v2\/types\/page"}],"author":[{"embeddable":true,"href":"https:\/\/www.ao79.de\/index.php?rest_route=\/wp\/v2\/users\/1"}],"replies":[{"embeddable":true,"href":"https:\/\/www.ao79.de\/index.php?rest_route=%2Fwp%2Fv2%2Fcomments&post=59"}],"version-history":[{"count":11,"href":"https:\/\/www.ao79.de\/index.php?rest_route=\/wp\/v2\/pages\/59\/revisions"}],"predecessor-version":[{"id":189,"href":"https:\/\/www.ao79.de\/index.php?rest_route=\/wp\/v2\/pages\/59\/revisions\/189"}],"up":[{"embeddable":true,"href":"https:\/\/www.ao79.de\/index.php?rest_route=\/wp\/v2\/pages\/51"}],"wp:attachment":[{"href":"https:\/\/www.ao79.de\/index.php?rest_route=%2Fwp%2Fv2%2Fmedia&parent=59"}],"curies":[{"name":"wp","href":"https:\/\/api.w.org\/{rel}","templated":true}]}}