{"id":57,"date":"2014-01-30T08:50:04","date_gmt":"2014-01-30T06:50:04","guid":{"rendered":"http:\/\/web4.ckvstrike.de\/ao79\/?page_id=57"},"modified":"2018-01-01T12:51:32","modified_gmt":"2018-01-01T11:51:32","slug":"das-akkordeon-2","status":"publish","type":"page","link":"https:\/\/www.ao79.de\/?page_id=57","title":{"rendered":"Das Akkordeon &#8211; Seite 2"},"content":{"rendered":"<p>Das Akkordeon &#8211; mehr, als nur ein &#8222;Schifferklavier&#8220; &#8230;<\/p>\n<p>Die Funktionsweise des Akkordeons<\/p>\n<p>Das &#8222;moderne&#8220; Akkordeon besteht im Wesentlichen aus drei Teilen : der Diskantseite (entweder mit Piano- oder Knopfgrifftastatur), dem Faltenbalg und der Bassseite. Es wird beim Spielen durch Schulterriemen festgehalten. Die rechte Hand spielt die Diskantseite, die linke Hand spielt die Bassseite und bewegt gleichzeitig durch Ziehen oder Dr\u00fccken den Faltenbalg. Durch Hinunterdr\u00fccken einer Taste und gleichzeitige Zug- oder Druckbewegung am Balg wird Luft in das Akkordeon hineingesogen bzw. herausgepresst. Im Inneren des Diskantteils sind, von innen ausgeh\u00f6hlte, Stimmst\u00f6cke aus Holz montiert, auf denen Stimmplatten mit freischwingenden metallischen Stimmzungen festgewachst sind. Dieses Spezialwachs (Bienenwachsbasis) soll verhindern, dass die Luft anderweitig entweicht. Die Luft wird durch Kanzellen (Kan\u00e4le) zu den Stimmplatten gef\u00fchrt und schlie\u00dflich an den Stimmzungen vorbei durch den &#8222;Stimmschlitz&#8220; gepresst, wobei dann eben die Stimmzungen zum Schwingen gebracht werden, wodurch schlie\u00dflich der Ton erzeugt wird (s.u.). Dabei sind auf jeder Stimmplatte zwei Stimmzungen aufgenietet. Die eine Stimmzunge &#8222;reagiert&#8220; auf Druckluft, die Andere auf Saugluft. Bei den heutigen Akkordeons reagieren die Stimmzungen gleicht\u00f6nig, d.h. bei Zug oder Druck mit demselben Ton. Nebenbei besitzen die meisten Akkordeons Registertasten. Durch Dr\u00fccken dieser Register k\u00f6nnen Oktavlagen ver\u00e4ndert, gekoppelt und mit Tremolo versehen werden. Auf den gebr\u00e4uchlichen Akkordeons umfasst der Tonumfang 41 T\u00f6ne (von f bis a&#8220;&#8216;). Auf der Bassseite sind mit 40 bis 120 in Schr\u00e4greihen angeordneten Kn\u00f6pfen Basst\u00f6ne und verschiedene Akkorde (3- Kl\u00e4nge) zu spielen. Auch hier bieten moderne Akkordeon die M\u00f6glichkeit zur Wahl der Register. Die Funktionsweise der Bassseite bez\u00fcglich Tonerzeugung ist im Prinzip genau so, wie auf der Diskantseite, jedoch ist der mechanische Aufbau ungleich komplizierter. Kein Wunder, wenn man bedenkt, dass durch Dr\u00fccken einer Taste aus den Akkord- Reihen (3. &#8211; 6. Reihe) 3 T\u00f6ne gleichzeitig erklingen, bzw. durch Registerwahl und damit Oktavkopplungen 9 T\u00f6ne, bei den Dominantseptimen (5. Reihe) sogar 12 T\u00f6ne.<\/p>\n<p style=\"text-align: center;\"><a href=\"http:\/\/ao79.de\/wp-content\/uploads\/2014\/01\/bass.gif\" target=\"_blank\" rel=\"noopener\"><img loading=\"lazy\" decoding=\"async\" class=\"aligncenter wp-image-19\" title=\"Tastenbelegung der Bassseite\" src=\"http:\/\/web4.ckvstrike.de\/ao79\/wp-content\/uploads\/2014\/01\/bass-300x112.gif\" alt=\"Tastenbelegung der Bassseite\" width=\"600\" height=\"240\" \/><\/a>Reihe 1 : Terz &#8211; Bass<br \/>\nReihe 2 : Grund &#8211; Bass<br \/>\nReihe 3 : Dur &#8211; Akkorde<br \/>\nReihe 4 : Moll &#8211; Akkorde<br \/>\nReihe 5 : Septimen &#8211; Akkorde<br \/>\nReihe 6 : verminderter Sept.- Akkord<\/p>\n<p>Die Grafik zeigt die Tastenbelegung der (Standard)Bassseite. Neben dem Standardbassmanual haben manche Akkordeons noch ein zweites Bassmanual, den so genannten Melodie- oder Einzeltonbass, auch M3 genannt (M1 ist das Diskantmanual, M2 das Standardbassmanual). Bei diesen meist gr\u00f6\u00dferen Akkordeons betr\u00e4gt der Tonumfang des M3 5\u00bd Oktaven (von Kontra E bis cis&#8220;&#8216; chromatisch durchlaufend) und ist in drei Reihen oberhalb des Standardbassmanual angebracht. Die Tastenanordnung entspricht dem Diskantmanual des Knopfgriff- Akkordeons.<br \/>\nWie schon erw\u00e4hnt bieten Akkordeons die M\u00f6glichkeit zu Registrierung. Das Akkordeon verf\u00fcgt \u00fcber zwei v\u00f6llig voneinander unabh\u00e4ngig zu bedienende Spielseiten, der Diskantseite und der Bassseite. Jede dieser Seiten verf\u00fcgt deshalb \u00fcber separate Register. Das Idee der Register ist keinesfalls neu, sondern schon seit der Entwicklung des &#8222;Accordion&#8220; \u00edmmer wieder in den Bau der Instrumente mit eingeflossen. Die Register des Akkordeons sind in Anlehnung an der Technik der Orgelregister entstanden. Dort versteht man unter Register ein Gruppe von Pfeifen gleicher Bauart, Tonerzeugung und Klangfarbe, die durch einen Registerzug in T\u00e4tigkeit gesetzt oder abgeschaltet werden. Beim Akkordeon versteht man unter Register eine dem Tonumfang des Instruments entsprechende chromatisch durchlaufende Stimmungsreihe (Chor), die mit Hilfe von Schiebemechanik ein- bzw. ausgeschaltet wird.<\/p>\n<p>So gibt es bei den heutigen Akkordeons bis zu 5 Register im Diskantteil (von Exoten einmal abgesehen): 1. Die Grundreihe, 2. Die tiefe Oktave, 3. Die hohe Oktave, 4. Die obere Schwebung (Obertremolo), 5. Die untere Schwebung (Untertremolo). Die Grundreihe umfasst den Tonumfang von f bis a&#8220;&#8216;. Die tiefe Oktave umfasst den Tonumfang von F bis a&#8220;, also quasi um eine Oktave tiefere Grundreihe. Bei der hohen Oktave handelt es sich dementsprechend um eine nach oben oktavierte Grundreihe mit dem Tonumfang von f&#8216; bis a&#8220;&#8220;.<br \/>\nUm den Begriff der Schwebung verstehen zu k\u00f6nnen m\u00fcssen wir uns vorher mit dem Begriff der Stimmung auseinandersetzen. Die Stimmung bezeichnet die absolute und relative Tonh\u00f6he eines Instruments. Alle Instrumente werden vom Instrumentenbauer auf eine bestimmte H\u00f6henlage eingestimmt und \u00c4nderungen sind danach nur noch begrenzt m\u00f6glich. Dabei wird bei uns von der temperierten Stimmung gesprochen, die auch Voraussetzung f\u00fcr die Zw\u00f6lftonmusik ist. Die reine Stimmung w\u00e4re f\u00fcr die Tonsysteme unbrauchbar, da sie keine enharmonische Umdeutungen zul\u00e4sst. In der reinen Stimmung, d.h. im Verh\u00e4ltnis der &#8222;nat\u00fcrlichen&#8220; Tonfrequenzen, sind die erh\u00f6hten mit den erniedrigten T\u00f6nen (z.B. dis und es) nicht v\u00f6llig klanggleich. Erst die (seit dem 18. Jahrhundert gebr\u00e4uchliche) temperierte Stimmung teilt den Raum einer Oktave in zw\u00f6lf genau gleich Halbt\u00f6ne, wodurch die Schwingungen von &#8222;dis&#8220; und &#8222;es&#8220; jetzt identisch sind. Dadurch besteht auch die M\u00f6glichkeit, einen Ton enharmonisch umzudeuten und so von einer Tonart in eine andere zu modulieren, z.B. durch Umdeutung von &#8222;gis&#8220; in E- Dur zu &#8222;as&#8220; in Es- Dur. F\u00fcr gew\u00f6hnlich werden Instrumente so gestimmt, dass das a&#8216; mit 440 Schwingungen (=Hz) schwingt.<br \/>\nZur\u00fcck zur unserer Schwebung. Eine Schwebung beschreibt eine mit geringem Schwingungsunterschied zur Grundreihe gestimmte Zungenreihe. So hat die Oberschwebung eine (beim a&#8216;) Schwingungsdifferenz von ca. 3 Hz. nach oben, was bedeutet, dass das a&#8216; der Grundreihe mit 440 Hz schwingt und der obere Schwebeton (a&#8216;) mit 443 Hz. Bei der Unterschwebung ist es logischerweise genauso, mit dem Unterschied, dass die Differenz 3 Hz. nach unten betr\u00e4gt, also 437 Hz. (beim a&#8216;). Erst die Kopplung von Schwebetonreihe mit der Grundreihe ergeben den beim Akkordeon typischen Schwebeton, der etwas ungl\u00fccklich als &#8222;Tremolo&#8220; bezeichnet wird.<br \/>\nSo lassen sich diese Register noch nach Belieben koppeln, was bewirkt, dass bei einem 5- ch\u00f6rigen Instrument, also ein Akkordeon mit 5 Registern im Diskantteil, bis zu 14 Registerkopplungen m\u00f6glich sind. Die einzelnen Kopplungenkombinationen kommen dabei durch Bet\u00e4tigung einer Registertaste zustande. (s. unteres Foto)<\/p>\n<p style=\"text-align: center;\"><a href=\"http:\/\/ao79.de\/wp-content\/uploads\/2014\/01\/akk.gif\" target=\"_blank\" rel=\"noopener\"><img loading=\"lazy\" decoding=\"async\" class=\"aligncenter wp-image-18 size-medium\" title=\"Modernes Akkordeon\" src=\"https:\/\/www.ao79.de\/wp-content\/uploads\/2014\/01\/akk-300x212.gif\" alt=\"Modernes Akkordeon\" width=\"300\" height=\"212\" \/><\/a><\/p>\n<p>Die Abbildung zeigt ein modernes Akkordeon und die \u00e4u\u00dferlich sichtbaren Bestandteile.<\/p>\n<p>&nbsp;<\/p>\n<p><a title=\"Das Akkordeon \u2013 Seite 1\" href=\"http:\/\/ao79.de\/?page_id=61\">Vorherige Seite<\/a>\u00a0\u00a0 &#8211;\u00a0\u00a0 <a title=\"Das Akkordeon \u2013 Seite 3\" href=\"http:\/\/ao79.de\/?page_id=59\">N\u00e4chste Seite<\/a><\/p>\n","protected":false},"excerpt":{"rendered":"<p>Das Akkordeon &#8211; mehr, als nur ein &#8222;Schifferklavier&#8220; &#8230; Die Funktionsweise des Akkordeons Das &#8222;moderne&#8220; Akkordeon besteht im Wesentlichen aus drei Teilen : der Diskantseite (entweder mit Piano- oder Knopfgrifftastatur), dem Faltenbalg und der Bassseite. Es wird beim Spielen durch &hellip; <a href=\"https:\/\/www.ao79.de\/?page_id=57\">Weiterlesen <span class=\"meta-nav\">&rarr;<\/span><\/a><\/p>\n","protected":false},"author":1,"featured_media":0,"parent":51,"menu_order":2,"comment_status":"closed","ping_status":"closed","template":"","meta":{"footnotes":""},"aioseo_notices":[],"_links":{"self":[{"href":"https:\/\/www.ao79.de\/index.php?rest_route=\/wp\/v2\/pages\/57"}],"collection":[{"href":"https:\/\/www.ao79.de\/index.php?rest_route=\/wp\/v2\/pages"}],"about":[{"href":"https:\/\/www.ao79.de\/index.php?rest_route=\/wp\/v2\/types\/page"}],"author":[{"embeddable":true,"href":"https:\/\/www.ao79.de\/index.php?rest_route=\/wp\/v2\/users\/1"}],"replies":[{"embeddable":true,"href":"https:\/\/www.ao79.de\/index.php?rest_route=%2Fwp%2Fv2%2Fcomments&post=57"}],"version-history":[{"count":17,"href":"https:\/\/www.ao79.de\/index.php?rest_route=\/wp\/v2\/pages\/57\/revisions"}],"predecessor-version":[{"id":188,"href":"https:\/\/www.ao79.de\/index.php?rest_route=\/wp\/v2\/pages\/57\/revisions\/188"}],"up":[{"embeddable":true,"href":"https:\/\/www.ao79.de\/index.php?rest_route=\/wp\/v2\/pages\/51"}],"wp:attachment":[{"href":"https:\/\/www.ao79.de\/index.php?rest_route=%2Fwp%2Fv2%2Fmedia&parent=57"}],"curies":[{"name":"wp","href":"https:\/\/api.w.org\/{rel}","templated":true}]}}