{"id":55,"date":"2014-01-30T08:44:23","date_gmt":"2014-01-30T06:44:23","guid":{"rendered":"http:\/\/web4.ckvstrike.de\/ao79\/?page_id=55"},"modified":"2014-01-30T11:24:01","modified_gmt":"2014-01-30T09:24:01","slug":"home","status":"publish","type":"page","link":"https:\/\/www.ao79.de\/","title":{"rendered":"Home"},"content":{"rendered":"<p>Lieber Besucher,<\/p>\n<p>herzlich Willkommen auf der Homepage des Akkordeon-Orchesters &#8217;79 der Musikschule Dortmund. Auf den folgenden Seiten m\u00f6chten wir ein wenig \u00fcber unsere kleine Orchesterwelt informieren.<\/p>\n<p>Wir w\u00fcnschen viel Spa\u00df beim Lesen unserer Seiten.<\/p>\n","protected":false},"excerpt":{"rendered":"<p>Lieber Besucher, herzlich Willkommen auf der Homepage des Akkordeon-Orchesters &#8217;79 der Musikschule Dortmund. Auf den folgenden Seiten m\u00f6chten wir ein wenig \u00fcber unsere kleine Orchesterwelt informieren. Wir w\u00fcnschen viel Spa\u00df beim Lesen unserer Seiten.<\/p>\n","protected":false},"author":1,"featured_media":0,"parent":0,"menu_order":0,"comment_status":"closed","ping_status":"open","template":"","meta":{"footnotes":""},"aioseo_notices":[],"_links":{"self":[{"href":"https:\/\/www.ao79.de\/index.php?rest_route=\/wp\/v2\/pages\/55"}],"collection":[{"href":"https:\/\/www.ao79.de\/index.php?rest_route=\/wp\/v2\/pages"}],"about":[{"href":"https:\/\/www.ao79.de\/index.php?rest_route=\/wp\/v2\/types\/page"}],"author":[{"embeddable":true,"href":"https:\/\/www.ao79.de\/index.php?rest_route=\/wp\/v2\/users\/1"}],"replies":[{"embeddable":true,"href":"https:\/\/www.ao79.de\/index.php?rest_route=%2Fwp%2Fv2%2Fcomments&post=55"}],"version-history":[{"count":4,"href":"https:\/\/www.ao79.de\/index.php?rest_route=\/wp\/v2\/pages\/55\/revisions"}],"predecessor-version":[{"id":131,"href":"https:\/\/www.ao79.de\/index.php?rest_route=\/wp\/v2\/pages\/55\/revisions\/131"}],"wp:attachment":[{"href":"https:\/\/www.ao79.de\/index.php?rest_route=%2Fwp%2Fv2%2Fmedia&parent=55"}],"curies":[{"name":"wp","href":"https:\/\/api.w.org\/{rel}","templated":true}]}}